{"id":759,"date":"2023-09-19T11:34:56","date_gmt":"2023-09-19T11:34:56","guid":{"rendered":"https:\/\/ghtransport.lu\/?page_id=759"},"modified":"2026-01-13T10:15:18","modified_gmt":"2026-01-13T10:15:18","slug":"mentions-legales-declaration-de-confidentialite","status":"publish","type":"page","link":"https:\/\/ghtransport.lu\/fr\/mentions-legales-declaration-de-confidentialite\/","title":{"rendered":"Mentions l\u00e9gales &#038; d\u00e9claration de confidentialit\u00e9"},"content":{"rendered":"\t\t<div data-elementor-type=\"wp-page\" data-elementor-id=\"759\" class=\"elementor elementor-759 elementor-390\">\n\t\t\t\t\t\t\t\t\t<section class=\"elementor-section elementor-top-section elementor-element elementor-element-e16738b elementor-section-boxed elementor-section-height-default elementor-section-height-default\" data-id=\"e16738b\" data-element_type=\"section\">\n\t\t\t\t\t\t<div class=\"elementor-container elementor-column-gap-default\">\n\t\t\t\t\t<div class=\"elementor-column elementor-col-100 elementor-top-column elementor-element elementor-element-7075ae9\" data-id=\"7075ae9\" data-element_type=\"column\">\n\t\t\t<div class=\"elementor-widget-wrap elementor-element-populated\">\n\t\t\t\t\t\t\t\t<div class=\"elementor-element elementor-element-7ea9ba9 elementor-widget elementor-widget-spacer\" data-id=\"7ea9ba9\" data-element_type=\"widget\" data-widget_type=\"spacer.default\">\n\t\t\t\t<div class=\"elementor-widget-container\">\n\t\t\t\t\t<div class=\"elementor-spacer\">\n\t\t\t<div class=\"elementor-spacer-inner\"><\/div>\n\t\t<\/div>\n\t\t\t\t<\/div>\n\t\t\t\t<\/div>\n\t\t\t\t\t<\/div>\n\t\t<\/div>\n\t\t\t\t\t\t\t<\/div>\n\t\t<\/section>\n\t\t\t\t<section class=\"elementor-section elementor-top-section elementor-element elementor-element-923d619 elementor-section-boxed elementor-section-height-default elementor-section-height-default\" data-id=\"923d619\" data-element_type=\"section\">\n\t\t\t\t\t\t<div class=\"elementor-container elementor-column-gap-default\">\n\t\t\t\t\t<div class=\"elementor-column elementor-col-50 elementor-top-column elementor-element elementor-element-18ba3bd\" data-id=\"18ba3bd\" data-element_type=\"column\">\n\t\t\t<div class=\"elementor-widget-wrap elementor-element-populated\">\n\t\t\t\t\t\t\t\t<div class=\"elementor-element elementor-element-e9c40ff elementor-widget elementor-widget-text-editor\" data-id=\"e9c40ff\" data-element_type=\"widget\" data-widget_type=\"text-editor.default\">\n\t\t\t\t<div class=\"elementor-widget-container\">\n\t\t\t\t\t\t\t<p>Mentions l\u00e9gales<\/p>\t\t\t\t\t\t<\/div>\n\t\t\t\t<\/div>\n\t\t\t\t<div class=\"elementor-element elementor-element-2b22351 elementor-widget elementor-widget-text-editor\" data-id=\"2b22351\" data-element_type=\"widget\" data-widget_type=\"text-editor.default\">\n\t\t\t\t<div class=\"elementor-widget-container\">\n\t\t\t\t\t\t\t<div class=\"elementor-element elementor-element-e6289e5 sc_fly_static elementor-widget elementor-widget-trx_sc_title trx_addons_parallax_layers_inited trx_addons_parallax_blocks_inited\" data-id=\"e6289e5\" data-element_type=\"widget\" data-widget_type=\"trx_sc_title.default\"><div class=\"elementor-widget-container\"><div class=\"sc_title sc_title_default\"><h4 class=\"sc_item_title sc_title_title sc_item_title_style_default sc_item_title_tag trx_addons_inline_1715038220\"><span class=\"sc_item_title_text\">Editeur responsable<\/span><\/h4><\/div><\/div><\/div><div class=\"elementor-element elementor-element-2313ce6 sc_fly_static elementor-widget elementor-widget-text-editor trx_addons_parallax_layers_inited trx_addons_parallax_blocks_inited\" data-id=\"2313ce6\" data-element_type=\"widget\" data-widget_type=\"text-editor.default\"><div class=\"elementor-widget-container\"><p><strong>GH Transport<\/strong><\/p><p>Nico Hilgers<br \/>25a, Om Stack, L-9946 Binsfeld <br \/>Email: <a class=\"mail\" title=\"Email an Haus H\u00f6ddelbusch senden\" href=\"mailto:info@ghtransport.lu\">info@ghtransport.lu<\/a><\/p><p>N\u00b0 TVA: LU21 87 88 26<\/p><p>\u00a0<\/p><\/div><\/div>\t\t\t\t\t\t<\/div>\n\t\t\t\t<\/div>\n\t\t\t\t<div class=\"elementor-element elementor-element-755321e elementor-widget-divider--view-line elementor-widget elementor-widget-divider\" data-id=\"755321e\" data-element_type=\"widget\" data-widget_type=\"divider.default\">\n\t\t\t\t<div class=\"elementor-widget-container\">\n\t\t\t\t\t<div class=\"elementor-divider\">\n\t\t\t<span class=\"elementor-divider-separator\">\n\t\t\t\t\t\t<\/span>\n\t\t<\/div>\n\t\t\t\t<\/div>\n\t\t\t\t<\/div>\n\t\t\t\t<div class=\"elementor-element elementor-element-9da177c elementor-widget elementor-widget-text-editor\" data-id=\"9da177c\" data-element_type=\"widget\" data-widget_type=\"text-editor.default\">\n\t\t\t\t<div class=\"elementor-widget-container\">\n\t\t\t\t\t\t\t<div class=\"elementor-element elementor-element-5ba8126 sc_fly_static elementor-widget elementor-widget-trx_sc_title trx_addons_parallax_layers_inited trx_addons_parallax_blocks_inited\" data-id=\"5ba8126\" data-element_type=\"widget\" data-widget_type=\"trx_sc_title.default\"><div class=\"elementor-widget-container\"><div class=\"sc_title sc_title_default\"><h4 class=\"sc_item_title sc_title_title sc_item_title_style_default sc_item_title_tag trx_addons_inline_2049118128\"><span class=\"sc_item_title_text\">Copyright<\/span><\/h4><\/div><\/div><\/div><div class=\"elementor-element elementor-element-5d9b6d0 sc_fly_static elementor-widget elementor-widget-text-editor trx_addons_parallax_layers_inited trx_addons_parallax_blocks_inited\" data-id=\"5d9b6d0\" data-element_type=\"widget\" data-widget_type=\"text-editor.default\"><div class=\"elementor-widget-container\"><div class=\"elementor-element elementor-element-44df8e5 elementor-widget elementor-widget-text-editor trx_addons_parallax_layers_inited trx_addons_parallax_blocks_inited\" data-id=\"44df8e5\" data-element_type=\"widget\" data-widget_type=\"text-editor.default\"><div class=\"elementor-widget-container\"><p>\u00a9 2023 GH Transport<br \/>Tous les contenus de ce site web (textes, donn\u00e9es, illustrations, photos, graphiques, logos, descriptions de produits, etc.) sont prot\u00e9g\u00e9s par des droits d&rsquo;auteur. Tous les noms de soci\u00e9t\u00e9s et de marques indiqu\u00e9s, ainsi que leurs marques d\u00e9pos\u00e9es, sont la propri\u00e9t\u00e9 de leurs propri\u00e9taires et servent uniquement \u00e0 l&rsquo;identification et \u00e0 la description des produits.<\/p><p>\u00a9 Photos: GH Transport<\/p><\/div><\/div><\/div><\/div>\t\t\t\t\t\t<\/div>\n\t\t\t\t<\/div>\n\t\t\t\t<div class=\"elementor-element elementor-element-617c916 elementor-widget-divider--view-line elementor-widget elementor-widget-divider\" data-id=\"617c916\" data-element_type=\"widget\" data-widget_type=\"divider.default\">\n\t\t\t\t<div class=\"elementor-widget-container\">\n\t\t\t\t\t<div class=\"elementor-divider\">\n\t\t\t<span class=\"elementor-divider-separator\">\n\t\t\t\t\t\t<\/span>\n\t\t<\/div>\n\t\t\t\t<\/div>\n\t\t\t\t<\/div>\n\t\t\t\t<div class=\"elementor-element elementor-element-467cffb elementor-widget elementor-widget-text-editor\" data-id=\"467cffb\" data-element_type=\"widget\" data-widget_type=\"text-editor.default\">\n\t\t\t\t<div class=\"elementor-widget-container\">\n\t\t\t\t\t\t\t<div class=\"elementor-element elementor-element-17954cb sc_fly_static elementor-widget elementor-widget-trx_sc_title trx_addons_parallax_layers_inited trx_addons_parallax_blocks_inited\" data-id=\"17954cb\" data-element_type=\"widget\" data-widget_type=\"trx_sc_title.default\"><div class=\"elementor-widget-container\"><div class=\"sc_title sc_title_default\"><h4 class=\"sc_item_title sc_title_title sc_item_title_style_default sc_item_title_tag trx_addons_inline_816109392\"><span class=\"sc_item_title_text\">Avis de responsabilit\u00e9<\/span><\/h4><\/div><\/div><\/div><div class=\"elementor-element elementor-element-0518daa sc_fly_static elementor-widget elementor-widget-text-editor trx_addons_parallax_layers_inited trx_addons_parallax_blocks_inited\" data-id=\"0518daa\" data-element_type=\"widget\" data-widget_type=\"text-editor.default\"><div class=\"elementor-widget-container\"><p>Toutes les informations contenues dans ce site ont fait l&rsquo;objet de recherches approfondies. Toutefois, l&rsquo;\u00e9diteur n&rsquo;est pas responsable de l&rsquo;exactitude des informations mentionn\u00e9es.<br \/>Malgr\u00e9 un contr\u00f4le minutieux du contenu, nous n&rsquo;assumons aucune responsabilit\u00e9 pour le contenu des liens externes. Seuls les exploitants de ces sites sont responsables de leur contenu.<br \/>Si vous remarquez des erreurs ou des informations erron\u00e9es sur ce site, veuillez nous en faire part par \u00e9crit<\/p><\/div><\/div>\t\t\t\t\t\t<\/div>\n\t\t\t\t<\/div>\n\t\t\t\t<div class=\"elementor-element elementor-element-5d4d718 elementor-widget-divider--view-line elementor-widget elementor-widget-divider\" data-id=\"5d4d718\" data-element_type=\"widget\" data-widget_type=\"divider.default\">\n\t\t\t\t<div class=\"elementor-widget-container\">\n\t\t\t\t\t<div class=\"elementor-divider\">\n\t\t\t<span class=\"elementor-divider-separator\">\n\t\t\t\t\t\t<\/span>\n\t\t<\/div>\n\t\t\t\t<\/div>\n\t\t\t\t<\/div>\n\t\t\t\t<div class=\"elementor-element elementor-element-ebfa448 elementor-widget elementor-widget-text-editor\" data-id=\"ebfa448\" data-element_type=\"widget\" data-widget_type=\"text-editor.default\">\n\t\t\t\t<div class=\"elementor-widget-container\">\n\t\t\t\t\t\t\t<div class=\"elementor-element elementor-element-723f497 sc_fly_static elementor-widget elementor-widget-trx_sc_title trx_addons_parallax_layers_inited trx_addons_parallax_blocks_inited\" data-id=\"723f497\" data-element_type=\"widget\" data-widget_type=\"trx_sc_title.default\"><div class=\"elementor-widget-container\"><div class=\"sc_title sc_title_default\"><h4 class=\"sc_item_title sc_title_title sc_item_title_style_default sc_item_title_tag trx_addons_inline_421893266\"><span class=\"sc_item_title_text\">R\u00e9alisation et h\u00e9bergement<\/span><\/h4><\/div><\/div><\/div><div class=\"elementor-element elementor-element-47a416b sc_fly_static elementor-widget elementor-widget-text-editor trx_addons_parallax_layers_inited trx_addons_parallax_blocks_inited\" data-id=\"47a416b\" data-element_type=\"widget\" data-widget_type=\"text-editor.default\"><div class=\"elementor-widget-container\"><p><strong>Indigo PGmbH<br \/><\/strong>Solvaystrasse 3<br \/>B-4780 SANKT VITH<br \/>Belgien<\/p><p>Tel. +32 (0)80 280 281 Fax +32 (0)80 280 288<br \/>E-Mail:\u00a0<a href=\"mailto:info@indigo.info\">info@indigo.info<\/a><\/p><p><strong>Indigoweb s\u00e0rl<br \/><\/strong>Z.I. In den Allern 6<br \/>L-9911 Troisvierges<br \/>Luxemburg<\/p><p>Tel. +352 26 90 31 28<\/p><p><a title=\"www.indigo.info\" href=\"http:\/\/www.indigo.info\/\" target=\"_blank\" rel=\"noopener noreferrer\">www.indigo.info<\/a><\/p><p><strong>Host Europe GmbH<\/strong><br \/>Welserstra\u00dfe 14<br \/>51149 Cologne<br \/>D-Germany<\/p><p>REG ID: HRB 28495<br \/>VAT ID: DE187370678<\/p><\/div><\/div>\t\t\t\t\t\t<\/div>\n\t\t\t\t<\/div>\n\t\t\t\t\t<\/div>\n\t\t<\/div>\n\t\t\t\t<div class=\"elementor-column elementor-col-50 elementor-top-column elementor-element elementor-element-78d1c09\" data-id=\"78d1c09\" data-element_type=\"column\">\n\t\t\t<div class=\"elementor-widget-wrap elementor-element-populated\">\n\t\t\t\t\t\t\t\t<div class=\"elementor-element elementor-element-694b029 elementor-widget elementor-widget-text-editor\" data-id=\"694b029\" data-element_type=\"widget\" data-widget_type=\"text-editor.default\">\n\t\t\t\t<div class=\"elementor-widget-container\">\n\t\t\t\t\t\t\t<h2 class=\"sc_item_title sc_title_title sc_item_title_style_default sc_item_title_tag trx_addons_inline_1870775471\"><span class=\"sc_item_title_text\">D\u00e9claration de confidentialit\u00e9<\/span><\/h2>\t\t\t\t\t\t<\/div>\n\t\t\t\t<\/div>\n\t\t\t\t<div class=\"elementor-element elementor-element-cc0b088 elementor-widget elementor-widget-text-editor\" data-id=\"cc0b088\" data-element_type=\"widget\" data-widget_type=\"text-editor.default\">\n\t\t\t\t<div class=\"elementor-widget-container\">\n\t\t\t\t\t\t\t<div class=\"elementor-element elementor-element-5863fad sc_fly_static elementor-widget elementor-widget-trx_sc_title trx_addons_parallax_layers_inited trx_addons_parallax_blocks_inited\" data-id=\"5863fad\" data-element_type=\"widget\" data-widget_type=\"trx_sc_title.default\"><div class=\"elementor-widget-container\"><div class=\"sc_title sc_title_default\"><h4 class=\"sc_item_title sc_title_title sc_item_title_style_default sc_item_title_tag trx_addons_inline_2060996912\"><span class=\"sc_item_title_text\">Informations l\u00e9gales &amp; conditions d&rsquo;utilisation<\/span><\/h4><\/div><\/div><\/div><div class=\"elementor-element elementor-element-7a72710 sc_fly_static elementor-widget elementor-widget-text-editor trx_addons_parallax_layers_inited trx_addons_parallax_blocks_inited\" data-id=\"7a72710\" data-element_type=\"widget\" data-widget_type=\"text-editor.default\"><div class=\"elementor-widget-container\"><p><strong>Conditions d&rsquo;acc\u00e8s au site web<\/strong><\/p>Toute personne (ci-apr\u00e8s d\u00e9nomm\u00e9e \u00ab\u00a0utilisateur\u00a0\u00bb) qui visite le pr\u00e9sent site est r\u00e9put\u00e9e avoir accept\u00e9 sans condition l&rsquo;ensemble des dispositions et conditions d&rsquo;utilisation du site de .<br \/>Le Site est accessible \u00e0 tout moment et dans le monde entier. L&rsquo;Utilisateur qui consulte le Site est seul responsable du respect des lois et r\u00e8glements en vigueur dans son pays de r\u00e9sidence ou dans le pays \u00e0 partir duquel il acc\u00e8de au Site.<\/div><div class=\"elementor-widget-container\"><br \/><p><strong>Modifications des pr\u00e9sentes conditions d&rsquo;utilisation, comp\u00e9tence et droit applicable<\/strong><\/p><p>Les pr\u00e9sentes conditions d&rsquo;utilisation peuvent \u00eatre modifi\u00e9es \u00e0 tout moment par l&rsquo;\u00e9diteur. Les conditions d&rsquo;utilisation applicables \u00e0 toute utilisation du site sont celles publi\u00e9es sur le site au moment de la consultation par l&rsquo;utilisateur. La nullit\u00e9 ou l&rsquo;invalidit\u00e9 d&rsquo;une disposition des pr\u00e9sentes conditions d&rsquo;utilisation n&rsquo;affecte pas les autres dispositions des pr\u00e9sentes conditions.<\/p><p><strong>Clause de non-responsabilit\u00e9<\/strong><\/p><p>Bien que toutes les informations contenues sur le site aient \u00e9t\u00e9 soigneusement v\u00e9rifi\u00e9es, elles sont diffus\u00e9es \u00e0 titre d&rsquo;information uniquement. L&rsquo;\u00e9diteur ne peut en aucun cas \u00eatre tenu responsable de l&rsquo;exactitude des informations fournies ni donner de garanties quant \u00e0 leur exhaustivit\u00e9, leur exactitude ou leur actualit\u00e9. Toutes les informations sont donn\u00e9es sous r\u00e9serve de modifications, d&rsquo;erreurs ou d&rsquo;omissions.<br \/>L&rsquo;\u00e9diteur n&rsquo;est pas non plus responsable des contenus mis \u00e0 disposition par des tiers et auxquels le site renvoie par le biais d&rsquo;hyperliens.<br \/>Enfin, l&rsquo;\u00e9diteur n&rsquo;assume aucune responsabilit\u00e9 et exclut toute demande de garantie en cas d&rsquo;interruption ou de mauvais fonctionnement du site. L&rsquo;\u00e9diteur ne peut pas non plus \u00eatre tenu responsable des dommages caus\u00e9s \u00e0 l&rsquo;utilisateur, directement ou indirectement, par l&rsquo;acc\u00e8s au site ou son utilisation.<\/p><\/div><\/div>\t\t\t\t\t\t<\/div>\n\t\t\t\t<\/div>\n\t\t\t\t<div class=\"elementor-element elementor-element-5774940 elementor-widget-divider--view-line elementor-widget elementor-widget-divider\" data-id=\"5774940\" data-element_type=\"widget\" data-widget_type=\"divider.default\">\n\t\t\t\t<div class=\"elementor-widget-container\">\n\t\t\t\t\t<div class=\"elementor-divider\">\n\t\t\t<span class=\"elementor-divider-separator\">\n\t\t\t\t\t\t<\/span>\n\t\t<\/div>\n\t\t\t\t<\/div>\n\t\t\t\t<\/div>\n\t\t\t\t<div class=\"elementor-element elementor-element-8744cea elementor-widget elementor-widget-text-editor\" data-id=\"8744cea\" data-element_type=\"widget\" data-widget_type=\"text-editor.default\">\n\t\t\t\t<div class=\"elementor-widget-container\">\n\t\t\t\t\t\t\t<div class=\"elementor-element elementor-element-094084d sc_fly_static elementor-widget elementor-widget-trx_sc_title trx_addons_parallax_layers_inited trx_addons_parallax_blocks_inited\" data-id=\"094084d\" data-element_type=\"widget\" data-widget_type=\"trx_sc_title.default\"><div class=\"elementor-widget-container\"><div class=\"sc_title sc_title_default\"><h4 class=\"sc_item_title sc_title_title sc_item_title_style_default sc_item_title_tag trx_addons_inline_43158719\"><span class=\"sc_item_title_text\">Vie priv\u00e9e et protection des donn\u00e9es<\/span><\/h4><\/div><\/div><\/div><div class=\"elementor-element elementor-element-c36298a sc_fly_static elementor-widget elementor-widget-text-editor trx_addons_parallax_layers_inited trx_addons_parallax_blocks_inited\" data-id=\"c36298a\" data-element_type=\"widget\" data-widget_type=\"text-editor.default\"><div class=\"elementor-widget-container\"><div class=\"elementor-element elementor-element-15b385e elementor-widget elementor-widget-text-editor trx_addons_parallax_layers_inited trx_addons_parallax_blocks_inited\" data-id=\"15b385e\" data-element_type=\"widget\" data-widget_type=\"text-editor.default\"><div class=\"elementor-widget-container\"><p><strong>Traitement des donn\u00e9es \u00e0 caract\u00e8re personnel<\/strong><\/p><p>Les donn\u00e9es personnelles ne peuvent \u00eatre collect\u00e9es et trait\u00e9es que conform\u00e9ment aux r\u00e8gles des lois sur la protection des donn\u00e9es.<br \/>Dans certains cas, en particulier lorsque l&rsquo;utilisateur remplit et envoie un formulaire sur le site, il est possible que certaines donn\u00e9es personnelles soient enregistr\u00e9es sur le serveur. Ces informations sont consid\u00e9r\u00e9es comme confidentielles et trait\u00e9es en cons\u00e9quence. Elles ne sont donc jamais vendues ou transmises \u00e0 des tiers sans l&rsquo;accord pr\u00e9alable de l&rsquo;utilisateur.<br \/>Si le site dispose d&rsquo;une newsletter, l&rsquo;utilisateur peut s&rsquo;y inscrire afin de recevoir r\u00e9guli\u00e8rement des informations par e-mail. Dans ce cas, l&rsquo;\u00e9diteur a besoin d&rsquo;une adresse e-mail valide, que l&rsquo;utilisateur qui s&rsquo;inscrit transmet via le formulaire pr\u00e9vu \u00e0 cet effet. L&rsquo;utilisateur confirme \u00eatre le propri\u00e9taire de l&rsquo;adresse e-mail transmise et donne son consentement \u00e0 la r\u00e9ception d&rsquo;e-mails par le site ou l&rsquo;\u00e9diteur. L&rsquo;utilisateur a le droit de se d\u00e9sinscrire \u00e0 tout moment.<br \/>L&rsquo;utilisateur a le droit de consulter ses donn\u00e9es personnelles afin d&rsquo;en v\u00e9rifier l&rsquo;exactitude et, le cas \u00e9ch\u00e9ant, d&rsquo;en demander la rectification. Pour ce faire, il envoie une lettre recommand\u00e9e \u00e0 l&rsquo;\u00e9diteur du site dont les coordonn\u00e9es sont indiqu\u00e9es ci-dessus.<\/p><p><strong>Utilisation des cookies<\/strong><\/p><p>Ce site utilise des cookies.<br \/>Comme la plupart des sites web, ce site utilise des cookies. Les cookies sont de petits fichiers texte non dangereux qui n&rsquo;ont en aucun cas d&rsquo;impact sur votre vie priv\u00e9e ou sur la s\u00e9curit\u00e9 de votre ordinateur.<br \/>Les cookies am\u00e9liorent le confort de l&rsquo;utilisateur sur le site et permettent \u00e0 l&rsquo;\u00e9diteur de tenir des statistiques anonymes de fr\u00e9quentation du site.<br \/>Veuillez consulter les instructions de votre navigateur web pour obtenir des informations sur la mani\u00e8re d&rsquo;interdire ou de supprimer les cookies sur votre ordinateur.<br \/>L&rsquo;\u00e9diteur informe l&rsquo;utilisateur que des cookies sont utilis\u00e9s pour am\u00e9liorer le confort d&rsquo;utilisation du site, pour en am\u00e9liorer les performances et pour \u00e9tablir des statistiques de fr\u00e9quentation.<br \/>\u00c9tant donn\u00e9 que le site ne peut pas fonctionner sans l&rsquo;utilisation de cookies, nous demandons \u00e0 toute personne qui n&rsquo;est pas d&rsquo;accord avec l&rsquo;utilisation de cookies de mettre imm\u00e9diatement fin \u00e0 sa session de navigation sur le site.<\/p><p><strong>Utilisation de Google Analytics<\/strong><\/p><p>Ce site web utilise Google Analytics, un service d&rsquo;analyse web de Google Inc (\u00ab\u00a0Google\u00a0\u00bb). Google Analytics utilise des \u00ab\u00a0cookies\u00a0\u00bb, des fichiers texte qui sont enregistr\u00e9s sur votre ordinateur et qui permettent d&rsquo;analyser votre utilisation du site web. Les informations g\u00e9n\u00e9r\u00e9es par le cookie concernant votre utilisation de ce site web (y compris votre adresse IP) sont transmises \u00e0 un serveur de Google aux \u00c9tats-Unis et y sont enregistr\u00e9es. Google utilisera cette information dans le but d&rsquo;\u00e9valuer votre utilisation du site, de compiler des rapports sur l&rsquo;activit\u00e9 du site \u00e0 destination de son \u00e9diteur et de fournir d&rsquo;autres services relatifs \u00e0 l&rsquo;activit\u00e9 du site et \u00e0 l&rsquo;utilisation d&rsquo;Internet.<br \/>Le cas \u00e9ch\u00e9ant, Google transmettra \u00e9galement ces informations \u00e0 des tiers, dans la mesure o\u00f9 cela est prescrit par la loi ou si des tiers traitent ces donn\u00e9es pour le compte de Google. Google n&rsquo;associera en aucun cas votre adresse IP \u00e0 d&rsquo;autres donn\u00e9es de Google. Vous pouvez emp\u00eacher l&rsquo;installation des cookies en param\u00e9trant votre navigateur en cons\u00e9quence ; nous attirons toutefois votre attention sur le fait que, dans ce cas, vous ne pourrez peut-\u00eatre pas utiliser toutes les fonctions de ce site web dans leur int\u00e9gralit\u00e9. En utilisant ce site web, vous acceptez que les donn\u00e9es collect\u00e9es \u00e0 votre sujet par Google soient trait\u00e9es de la mani\u00e8re et aux fins d\u00e9crites ci-dessus.<\/p><p>Version Septembre 2023<\/p><\/div><\/div><\/div><\/div>\t\t\t\t\t\t<\/div>\n\t\t\t\t<\/div>\n\t\t\t\t\t<\/div>\n\t\t<\/div>\n\t\t\t\t\t\t\t<\/div>\n\t\t<\/section>\n\t\t\t\t\t\t\t<\/div>\n\t\t","protected":false},"excerpt":{"rendered":"<p>Mentions l\u00e9gales Editeur responsable GH Transport Nico Hilgers25a, Om Stack, L-9946 Binsfeld Email: info@ghtransport.lu N\u00b0 TVA: LU21 87 88 26 \u00a0 Copyright \u00a9 2023 GH TransportTous les contenus de ce site web (textes, donn\u00e9es, illustrations, photos, graphiques, logos, descriptions de produits, etc.) sont prot\u00e9g\u00e9s par des droits d&rsquo;auteur. Tous les noms de soci\u00e9t\u00e9s et de [&hellip;]<\/p>\n","protected":false},"author":1,"featured_media":0,"parent":0,"menu_order":0,"comment_status":"closed","ping_status":"closed","template":"","meta":{"_monsterinsights_skip_tracking":false,"_monsterinsights_sitenote_active":false,"_monsterinsights_sitenote_note":"","_monsterinsights_sitenote_category":0,"footnotes":""},"acf":[],"aioseo_notices":[],"_links":{"self":[{"href":"https:\/\/ghtransport.lu\/fr\/wp-json\/wp\/v2\/pages\/759"}],"collection":[{"href":"https:\/\/ghtransport.lu\/fr\/wp-json\/wp\/v2\/pages"}],"about":[{"href":"https:\/\/ghtransport.lu\/fr\/wp-json\/wp\/v2\/types\/page"}],"author":[{"embeddable":true,"href":"https:\/\/ghtransport.lu\/fr\/wp-json\/wp\/v2\/users\/1"}],"replies":[{"embeddable":true,"href":"https:\/\/ghtransport.lu\/fr\/wp-json\/wp\/v2\/comments?post=759"}],"version-history":[{"count":14,"href":"https:\/\/ghtransport.lu\/fr\/wp-json\/wp\/v2\/pages\/759\/revisions"}],"predecessor-version":[{"id":1028,"href":"https:\/\/ghtransport.lu\/fr\/wp-json\/wp\/v2\/pages\/759\/revisions\/1028"}],"wp:attachment":[{"href":"https:\/\/ghtransport.lu\/fr\/wp-json\/wp\/v2\/media?parent=759"}],"curies":[{"name":"wp","href":"https:\/\/api.w.org\/{rel}","templated":true}]}}